{"id":9,"date":"2025-08-03T11:59:39","date_gmt":"2025-08-03T09:59:39","guid":{"rendered":"http:\/\/seefilm.eu\/?page_id=9"},"modified":"2025-08-03T13:03:25","modified_gmt":"2025-08-03T11:03:25","slug":"9-2","status":"publish","type":"page","link":"http:\/\/seefilm.eu\/?page_id=9","title":{"rendered":""},"content":{"rendered":"\n<h3 class=\"wp-block-heading\">Kontakt aufnehmen<\/h3>\n\n\n\n<p>seefilm.eu<\/p>\n\n\n\n<p>G\u00fcnter K\u00f6hler<br>Altbohlstra\u00dfe 17<br>78315 Radolfzell<\/p>\n\n\n\n<p>Tel.: +49 &#8211; (0) 7732 \/ 820873<br>Mobil: +49 &#8211; (0) 160 \/ 158 4454<\/p>\n\n\n\n<p><a href=\"mailto:info@seefilm.eu\">info@seefilm.eu<\/a><\/p>\n","protected":false},"excerpt":{"rendered":"<p>Kontakt aufnehmen seefilm.eu G\u00fcnter K\u00f6hlerAltbohlstra\u00dfe 1778315 Radolfzell Tel.: +49 &#8211; (0) 7732 \/ 820873Mobil: +49 &#8211; (0) 160 \/ 158 4454 info@seefilm.eu<\/p>\n","protected":false},"author":1,"featured_media":0,"parent":0,"menu_order":0,"comment_status":"closed","ping_status":"closed","template":"","meta":{"footnotes":""},"class_list":["post-9","page","type-page","status-publish","hentry"],"_links":{"self":[{"href":"http:\/\/seefilm.eu\/index.php?rest_route=\/wp\/v2\/pages\/9","targetHints":{"allow":["GET"]}}],"collection":[{"href":"http:\/\/seefilm.eu\/index.php?rest_route=\/wp\/v2\/pages"}],"about":[{"href":"http:\/\/seefilm.eu\/index.php?rest_route=\/wp\/v2\/types\/page"}],"author":[{"embeddable":true,"href":"http:\/\/seefilm.eu\/index.php?rest_route=\/wp\/v2\/users\/1"}],"replies":[{"embeddable":true,"href":"http:\/\/seefilm.eu\/index.php?rest_route=%2Fwp%2Fv2%2Fcomments&post=9"}],"version-history":[{"count":4,"href":"http:\/\/seefilm.eu\/index.php?rest_route=\/wp\/v2\/pages\/9\/revisions"}],"predecessor-version":[{"id":60,"href":"http:\/\/seefilm.eu\/index.php?rest_route=\/wp\/v2\/pages\/9\/revisions\/60"}],"wp:attachment":[{"href":"http:\/\/seefilm.eu\/index.php?rest_route=%2Fwp%2Fv2%2Fmedia&parent=9"}],"curies":[{"name":"wp","href":"https:\/\/api.w.org\/{rel}","templated":true}]}}