{"id":11,"date":"2025-08-03T12:00:44","date_gmt":"2025-08-03T10:00:44","guid":{"rendered":"http:\/\/seefilm.eu\/?page_id=11"},"modified":"2025-08-03T13:01:02","modified_gmt":"2025-08-03T11:01:02","slug":"11-2","status":"publish","type":"page","link":"http:\/\/seefilm.eu\/?page_id=11","title":{"rendered":""},"content":{"rendered":"\n<h3 class=\"wp-block-heading\">Impressum und Datenschutz<\/h3>\n\n\n\n<h4 class=\"wp-block-heading\">Angaben gem\u00e4\u00df \u00a7 5 TMG \/ Verantwortlich f\u00fcr den Inhalt:<\/h4>\n\n\n\n<p>seefilm.eu<br>G\u00fcnter K\u00f6hler<br>Altbohlstra\u00dfe 17<br>78315 Radolfzell<br>Tel.: +49 &#8211; (0) 7732 \/ 820873<br>Mobil: +49 &#8211; (0) 160 \/ 158 4454<br>E-Mail: info@seefilm.eu<\/p>\n\n\n\n<h4 class=\"wp-block-heading\">Haftung f\u00fcr Inhalte<\/h4>\n\n\n\n<p>Die Inhalte unserer Seiten wurden mit gr\u00f6\u00dfter Sorgfalt erstellt. F\u00fcr die Richtigkeit, Vollst\u00e4ndigkeit und Aktualit\u00e4t der Inhalte k\u00f6nnen wir jedoch keine Gew\u00e4hr \u00fcbernehmen. Als Diensteanbieter sind wir gem\u00e4\u00df \u00a7 7 Abs.1 TMG f\u00fcr eigene Inhalte auf diesen Seiten nach den allgemeinen Gesetzen verantwortlich. Nach \u00a7\u00a7 8 bis 10 TMG sind wir als Diensteanbieter jedoch nicht verpflichtet, \u00fcbermittelte oder gespeicherte fremde Informationen zu \u00fcberwachen oder nach Umst\u00e4nden zu forschen, die auf eine rechtswidrige T\u00e4tigkeit hinweisen. Verpflichtungen zur Entfernung oder Sperrung der Nutzung von Informationen nach den allgemeinen Gesetzen bleiben hiervon unber\u00fchrt. Eine diesbez\u00fcgliche Haftung ist jedoch erst ab dem Zeitpunkt der Kenntnis einer konkreten Rechtsverletzung m\u00f6glich. Bei Bekanntwerden von entsprechenden Rechtsverletzungen werden wir diese Inhalte umgehend entfernen.<\/p>\n\n\n\n<h4 class=\"wp-block-heading\">Haftung f\u00fcr Links<\/h4>\n\n\n\n<p>Unser Angebot enth\u00e4lt Links zu externen Webseiten Dritter, auf deren Inhalte wir keinen Einfluss haben. Deshalb k\u00f6nnen wir f\u00fcr diese fremden Inhalte auch keine Gew\u00e4hr \u00fcbernehmen. F\u00fcr die Inhalte der verlinkten Seiten ist stets der jeweilige Anbieter oder Betreiber der Seiten verantwortlich. Die verlinkten Seiten wurden zum Zeitpunkt der Verlinkung auf m\u00f6gliche Rechtsverst\u00f6\u00dfe \u00fcberpr\u00fcft. Rechtswidrige Inhalte waren zum Zeitpunkt der Verlinkung nicht erkennbar. Eine permanente inhaltliche Kontrolle der verlinkten Seiten ist jedoch ohne konkrete Anhaltspunkte einer Rechtsverletzung nicht zumutbar. Bei Bekanntwerden von Rechtsverletzungen werden wir derartige Links umgehend entfernen.<\/p>\n\n\n\n<h4 class=\"wp-block-heading\">Urheberrecht<\/h4>\n\n\n\n<p>Die durch die Seitenbetreiber erstellten Inhalte und Werke auf diesen Seiten unterliegen dem deutschen Urheberrecht. Die Vervielf\u00e4ltigung, Bearbeitung, Verbreitung und jede Art der Verwertung au\u00dferhalb der Grenzen des Urheberrechtes bed\u00fcrfen der schriftlichen Zustimmung des jeweiligen Autors bzw. Erstellers. Downloads und Kopien dieser Seite sind nur f\u00fcr den privaten, nicht kommerziellen Gebrauch gestattet. Soweit die Inhalte auf dieser Seite nicht vom Betreiber erstellt wurden, werden die Urheberrechte Dritter beachtet. Insbesondere werden Inhalte Dritter als solche gekennzeichnet. Sollten Sie trotzdem auf eine Urheberrechtsverletzung aufmerksam werden, bitten wir um einen entsprechenden Hinweis. Bei Bekanntwerden von Rechtsverletzungen werden wir derartige Inhalte umgehend entfernen.<\/p>\n\n\n\n<h4 class=\"wp-block-heading\">Datenschutz<\/h4>\n\n\n\n<p>Wir, der\/die Verantwortliche(n), wie oben genannt (im Folgenden &#8222;Anbieter&#8220;), m\u00f6chten Sie dar\u00fcber informieren, welche Ihrer Daten auf dieser Website (im Folgenden &#8222;Angebot&#8220; erfragt und gespeichert werden und wie wir mit diesen Daten umgehen. Wir bitten Sie, sich diese Hinweise zum Datenschutz regelm\u00e4\u00dfig durchzulesen, da sie sich hin und wieder \u00e4ndern k\u00f6nnen.Die rechtlichen Grundlagen des Datenschutzes finden sich in der Datenschutz-Grundverordnung (EU-DSGVO) und im Telemediengesetz (TMG).<\/p>\n\n\n\n<h5 class=\"wp-block-heading\">Zugriffsdaten\/Server-Logfiles<\/h5>\n\n\n\n<p>Der Anbieter dieser Website, bzw. sein Webspace-Provider, erhebt Daten \u00fcber jeden Zugriff auf das Angebot (so genannte Server-Logfiles). Zu den Zugriffsdaten geh\u00f6ren: Name der abgerufenen Webseite, Datei, Datum und Uhrzeit des Abrufs, \u00fcbertragene Datenmenge, Meldung \u00fcber erfolgreichen Abruf, Browsertyp nebst Version, das Betriebssystem des Nutzers, Referrer URL (die zuvor besuchte Seite), IP-Adresse und der anfragende Provider.<\/p>\n\n\n\n<p>Der Anbieter verwendet die Protokolldaten nur f\u00fcr statistische Auswertungen zum Zweck des Betriebs, der Sicherheit und der Optimierung des Angebotes. Der Anbieter beh\u00e4lt sich jedoch vor, die Protokolldaten nachtr\u00e4glich zu \u00fcberpr\u00fcfen, wenn aufgrund konkreter Anhaltspunkte der berechtigte Verdacht einer rechtswidrigen Nutzung besteht.<\/p>\n\n\n\n<h5 class=\"wp-block-heading\">Personenbezogene Daten<\/h5>\n\n\n\n<p>Personenbezogene Daten sind Informationen, mit deren Hilfe eine Person bestimmbar ist, also Angaben, die zur\u00fcck zu einer Person verfolgt werden k\u00f6nnen. Dazu geh\u00f6ren der Name, die E-Mail-Adresse oder die Telefonnummer. Aber auch Daten \u00fcber Vorlieben, Hobbies, Mitgliedschaften oder welche Webseiten von jemandem angesehen wurden z\u00e4hlen zu personenbezogenen Daten.<\/p>\n\n\n\n<p>Personenbezogene Daten werden von dem Anbieter nur dann erhoben, genutzt und weitergegeben, wenn dies gesetzlich erlaubt ist oder die Nutzer in die Datenerhebung einwilligen.<\/p>\n\n\n\n<p>In der Regel ist die Nutzung unserer Website ohne Angabe personenbezogener Daten m\u00f6glich. Soweit auf unseren Seiten personenbezogene Daten erhoben werden, erfolgt dies, soweit m\u00f6glich, stets auf freiwilliger Basis. Diese Daten werden ohne Ihre ausdr\u00fcckliche Zustimmung nicht an Dritte weitergegeben.<\/p>\n\n\n\n<p>Wir weisen darauf hin, dass die Daten\u00fcbertragung im Internet (z.B. bei der Kommunikation per E-Mail) Sicherheitsl\u00fccken aufweisen kann. Ein l\u00fcckenloser Schutz der Daten vor dem Zugriff durch Dritte ist nicht m\u00f6glich.<\/p>\n\n\n\n<h5 class=\"wp-block-heading\">Kontaktaufnahme<\/h5>\n\n\n\n<p>Bei der Kontaktaufnahme mit dem Anbieter (zum Beispiel per Kontaktformular) werden die Angaben des Nutzers zwecks Bearbeitung der Anfrage sowie f\u00fcr den Fall, dass Anschlussfragen entstehen, unverschl\u00fcsselt per E-Mail \u00fcbertragen und k\u00f6nnen daher m\u00f6glicherweise auf dem \u00dcbertragungsweg von Dritten gelesen werden. In der Regel k\u00f6nnen wir Ihre Indentit\u00e4t nicht pr\u00fcfen und wissen auch nicht wer sich hinter der E-Mail-Adresse verbirgt. Eine rechtssichere Kommunikation durch einfachen E-Mail-Versand ist somit nicht gew\u00e4hrleistet.<\/p>\n\n\n\n<p>Durch den Einsatz von Filtern gegen unerw\u00fcnschte E-Mails (z.B. Spam) kann es vorkommen, dass auch normale Mails f\u00e4lschlicherweise als unerw\u00fcnscht eingeordnet und gel\u00f6scht werden.<\/p>\n\n\n\n<p>Aus diesen Gr\u00fcnden empfehlen wir Ihnen f\u00fcr die \u00dcbermittlung von schutzw\u00fcrdigen Nachrichten an uns den Versand auf dem Postwege.<\/p>\n\n\n\n<h5 class=\"wp-block-heading\">Cookies<\/h5>\n\n\n\n<p>Um die Funktion einiger Website-Features zu erm\u00f6glichen verwenden wir sogenannte &#8222;Cookies&#8220;, also kleine Dateien die auf der Festplatte des Betrachters gespeichert werden, um Daten wie Browsertyp, IP-Adresse, Betriebssystem u.s.w. zwischenzuspeichern. Diese Daten werden nicht an Dritte weitergegeben und auch nicht in Verbindung mit personenbezogenen Daten gebracht.<\/p>\n\n\n\n<p>Die Betrachtung der Website ist in der Regel auch ohne die Verwendung von Cookies m\u00f6glich, indem Sie diese Funktionalit\u00e4t in Ihren Browsereinstellungen deaktivieren. Bitte sehen Sie hierzu in der Hilfe Ihres Browsers nach.<\/p>\n\n\n\n<h5 class=\"wp-block-heading\">Widerruf, \u00c4nderungen und Berichtigungen<\/h5>\n\n\n\n<p>Der Nutzer hat das Recht, auf Antrag unentgeltlich Auskunft zu erhalten \u00fcber die personenbezogenen Daten, die \u00fcber ihn gespeichert wurden. Zus\u00e4tzlich hat der Nutzer das Recht auf Berichtigung unrichtiger Daten, Sperrung und L\u00f6schung seiner personenbezogenen Daten, soweit dem keine gesetzliche Aufbewahrungspflicht entgegensteht.<\/p>\n\n\n\n<h5 class=\"wp-block-heading\">Ansprechpartner und weitere Informationen<\/h5>\n\n\n\n<p>Wenn Sie noch Fragen zum Datenschutz im Zusammenhang mit dieser Website haben, wenden Sie sich bitte direkt an den verantwortlichen Anbieter (siehe oben).<\/p>\n\n\n\n<p>Weitere Informationen zum Thema Datenschutz finden Sie auch auf den Internetseiten des Landesbeauftragten f\u00fcr den Datenschutz Baden-W\u00fcrttemberg www.baden-wuerttemberg.datenschutz.de<\/p>\n","protected":false},"excerpt":{"rendered":"<p>Impressum und Datenschutz Angaben gem\u00e4\u00df \u00a7 5 TMG \/ Verantwortlich f\u00fcr den Inhalt: seefilm.euG\u00fcnter K\u00f6hlerAltbohlstra\u00dfe 1778315 RadolfzellTel.: +49 &#8211; (0) 7732 \/ 820873Mobil: +49 &#8211; (0) 160 \/ 158 4454E-Mail: info@seefilm.eu Haftung f\u00fcr Inhalte Die Inhalte unserer Seiten wurden mit gr\u00f6\u00dfter Sorgfalt erstellt. F\u00fcr die Richtigkeit, Vollst\u00e4ndigkeit und Aktualit\u00e4t der Inhalte k\u00f6nnen wir jedoch keine&#8230;<\/p>\n","protected":false},"author":1,"featured_media":0,"parent":0,"menu_order":0,"comment_status":"closed","ping_status":"closed","template":"","meta":{"footnotes":""},"class_list":["post-11","page","type-page","status-publish","hentry"],"_links":{"self":[{"href":"http:\/\/seefilm.eu\/index.php?rest_route=\/wp\/v2\/pages\/11","targetHints":{"allow":["GET"]}}],"collection":[{"href":"http:\/\/seefilm.eu\/index.php?rest_route=\/wp\/v2\/pages"}],"about":[{"href":"http:\/\/seefilm.eu\/index.php?rest_route=\/wp\/v2\/types\/page"}],"author":[{"embeddable":true,"href":"http:\/\/seefilm.eu\/index.php?rest_route=\/wp\/v2\/users\/1"}],"replies":[{"embeddable":true,"href":"http:\/\/seefilm.eu\/index.php?rest_route=%2Fwp%2Fv2%2Fcomments&post=11"}],"version-history":[{"count":3,"href":"http:\/\/seefilm.eu\/index.php?rest_route=\/wp\/v2\/pages\/11\/revisions"}],"predecessor-version":[{"id":55,"href":"http:\/\/seefilm.eu\/index.php?rest_route=\/wp\/v2\/pages\/11\/revisions\/55"}],"wp:attachment":[{"href":"http:\/\/seefilm.eu\/index.php?rest_route=%2Fwp%2Fv2%2Fmedia&parent=11"}],"curies":[{"name":"wp","href":"https:\/\/api.w.org\/{rel}","templated":true}]}}